{"id":290,"date":"2024-09-30T19:03:09","date_gmt":"2024-09-30T17:03:09","guid":{"rendered":"https:\/\/wokamid.pl\/?page_id=290"},"modified":"2024-11-03T21:50:50","modified_gmt":"2024-11-03T20:50:50","slug":"aktualnosci","status":"publish","type":"page","link":"https:\/\/wokamid.pl\/?page_id=290","title":{"rendered":""},"content":{"rendered":"\n<div class=\"wp-block-query is-layout-flow wp-block-query-is-layout-flow\">\n<div class=\"wp-block-group alignfull is-layout-flow wp-block-group-is-layout-flow\" style=\"padding-top:var(--wp--preset--spacing--40);padding-right:var(--wp--preset--spacing--40);padding-bottom:var(--wp--preset--spacing--40);padding-left:var(--wp--preset--spacing--40)\"><ul style=\"text-transform:none;\" class=\"wp-block-post-template is-layout-flow wp-block-post-template-is-layout-flow\"><li class=\"wp-block-post post-871 post type-post status-publish format-standard hentry category-aktualnosci\">\n\n<div class=\"wp-block-group is-content-justification-left is-layout-constrained wp-container-core-group-is-layout-177c594d wp-block-group-is-layout-constrained\">\n<div class=\"wp-block-group is-vertical is-layout-flex wp-container-core-group-is-layout-cedeea28 wp-block-group-is-layout-flex\" style=\"padding-bottom:var(--wp--preset--spacing--80)\"><div style=\"font-size:clamp(0.875rem, 0.875rem + ((1vw - 0.2rem) * 0.049), 0.9rem);letter-spacing:1px; margin-top:0;margin-right:0;margin-bottom:0;margin-left:0;\" class=\"has-text-align-left has-link-color wp-elements-5599b62b56904c5408ce764ba1a18b73 wp-block-post-date has-text-color has-contrast-color\"><time datetime=\"2025-11-03T12:39:26+01:00\">11\/3\/2025<\/time><\/div>\n\n\n<div class=\"wp-block-group is-layout-constrained wp-block-group-is-layout-constrained\" style=\"margin-top:0;margin-bottom:0\"><h2 style=\"font-size:clamp(1.039rem, 1.039rem + ((1vw - 0.2rem) * 1.095), 1.6rem);font-style:normal;font-weight:600;line-height:1;\" class=\"has-link-color wp-elements-108e7e6ac9ec511a42759d6c36976280 wp-block-post-title has-text-color has-contrast-color\"><a href=\"https:\/\/wokamid.pl\/?p=871\" target=\"_self\" >Og\u0142oszenie<\/a><\/h2>\n\n<div style=\"line-height:1.7;\" class=\"wp-block-post-excerpt has-small-font-size\"><p class=\"wp-block-post-excerpt__excerpt\">Informacja dla mieszka\u0144c\u00f3w W zwi\u0105zku z pracami na sieci wodoci\u0105gowej w dniu 04.11.2025 r. w godzinach 10:00\u201315:00 nast\u0105pi przerwa w dostawie wody na ulicy Dworcowej oraz Zamkowej. Za utrudnienia przepraszamy.<\/p><p class=\"wp-block-post-excerpt__more-text\"><a class=\"wp-block-post-excerpt__more-link\" href=\"https:\/\/wokamid.pl\/?p=871\">wi\u0119cej&#8230; <\/a><\/p><\/div><\/div>\n<\/div>\n<\/div>\n\n<\/li><li class=\"wp-block-post post-288 post type-post status-publish format-standard hentry category-aktualnosci\">\n\n<div class=\"wp-block-group is-content-justification-left is-layout-constrained wp-container-core-group-is-layout-177c594d wp-block-group-is-layout-constrained\">\n<div class=\"wp-block-group is-vertical is-layout-flex wp-container-core-group-is-layout-cedeea28 wp-block-group-is-layout-flex\" style=\"padding-bottom:var(--wp--preset--spacing--80)\"><div style=\"font-size:clamp(0.875rem, 0.875rem + ((1vw - 0.2rem) * 0.049), 0.9rem);letter-spacing:1px; margin-top:0;margin-right:0;margin-bottom:0;margin-left:0;\" class=\"has-text-align-left has-link-color wp-elements-5599b62b56904c5408ce764ba1a18b73 wp-block-post-date has-text-color has-contrast-color\"><time datetime=\"2024-06-05T18:54:00+02:00\">6\/5\/2024<\/time><\/div>\n\n\n<div class=\"wp-block-group is-layout-constrained wp-block-group-is-layout-constrained\" style=\"margin-top:0;margin-bottom:0\"><h2 style=\"font-size:clamp(1.039rem, 1.039rem + ((1vw - 0.2rem) * 1.095), 1.6rem);font-style:normal;font-weight:600;line-height:1;\" class=\"has-link-color wp-elements-108e7e6ac9ec511a42759d6c36976280 wp-block-post-title has-text-color has-contrast-color\"><a href=\"https:\/\/wokamid.pl\/?p=288\" target=\"_self\" >OG\u0141OSZENIE<\/a><\/h2>\n\n<div style=\"line-height:1.7;\" class=\"wp-block-post-excerpt has-small-font-size\"><p class=\"wp-block-post-excerpt__excerpt\">Wokamid Sp. z o.o. informuje, \u017ce dnia 06.06.2024r w godz.od 09.00.do 12.00 w miejscowo\u015bci Goraj nastapi przerwa w dostawie wody. Za utrudnienia przepraszamy.<\/p><p class=\"wp-block-post-excerpt__more-text\"><a class=\"wp-block-post-excerpt__more-link\" href=\"https:\/\/wokamid.pl\/?p=288\">wi\u0119cej&#8230; <\/a><\/p><\/div><\/div>\n<\/div>\n<\/div>\n\n<\/li><li class=\"wp-block-post post-286 post type-post status-publish format-standard hentry category-aktualnosci\">\n\n<div class=\"wp-block-group is-content-justification-left is-layout-constrained wp-container-core-group-is-layout-177c594d wp-block-group-is-layout-constrained\">\n<div class=\"wp-block-group is-vertical is-layout-flex wp-container-core-group-is-layout-cedeea28 wp-block-group-is-layout-flex\" style=\"padding-bottom:var(--wp--preset--spacing--80)\"><div style=\"font-size:clamp(0.875rem, 0.875rem + ((1vw - 0.2rem) * 0.049), 0.9rem);letter-spacing:1px; margin-top:0;margin-right:0;margin-bottom:0;margin-left:0;\" class=\"has-text-align-left has-link-color wp-elements-5599b62b56904c5408ce764ba1a18b73 wp-block-post-date has-text-color has-contrast-color\"><time datetime=\"2023-11-30T18:53:00+01:00\">11\/30\/2023<\/time><\/div>\n\n\n<div class=\"wp-block-group is-layout-constrained wp-block-group-is-layout-constrained\" style=\"margin-top:0;margin-bottom:0\"><h2 style=\"font-size:clamp(1.039rem, 1.039rem + ((1vw - 0.2rem) * 1.095), 1.6rem);font-style:normal;font-weight:600;line-height:1;\" class=\"has-link-color wp-elements-108e7e6ac9ec511a42759d6c36976280 wp-block-post-title has-text-color has-contrast-color\"><a href=\"https:\/\/wokamid.pl\/?p=286\" target=\"_self\" >AWARIA !<\/a><\/h2>\n\n<div style=\"line-height:1.7;\" class=\"wp-block-post-excerpt has-small-font-size\"><p class=\"wp-block-post-excerpt__excerpt\">Informujemy, i\u017c z powodu awarii w miejscowo\u015bciach Przytoczna, Goraj oraz Nowa Niedwica&nbsp; przez kilka godzin nie b\u0119dzie wody. Nasze s\u0142u\u017cby intensywnie pracuj\u0105, aby jak najszybciej usun\u0105\u0107 awari\u0119 i przywr\u00f3ci\u0107 dop\u0142yw wody. Przepraszamy za niedogodno\u015bci.&nbsp;<\/p><p class=\"wp-block-post-excerpt__more-text\"><a class=\"wp-block-post-excerpt__more-link\" href=\"https:\/\/wokamid.pl\/?p=286\">wi\u0119cej&#8230; <\/a><\/p><\/div><\/div>\n<\/div>\n<\/div>\n\n<\/li><\/ul><\/div>\n\n\n\n<div class=\"wp-block-group is-content-justification-left is-layout-constrained wp-container-core-group-is-layout-9821ac42 wp-block-group-is-layout-constrained\" style=\"margin-top:0;margin-bottom:0;padding-top:0;padding-right:var(--wp--preset--spacing--40);padding-bottom:var(--wp--preset--spacing--40);padding-left:var(--wp--preset--spacing--40)\"><nav class=\"wp-block-query-pagination is-content-justification-left is-nowrap is-layout-flex wp-container-core-query-pagination-is-layout-fc9f69e7 wp-block-query-pagination-is-layout-flex\" aria-label=\"Stronicowanie\">\n\n\n<a href=\"\/index.php?rest_route=%2Fwp%2Fv2%2Fpages%2F290&#038;query-31-page=2\" style=\"font-size:clamp(0.875rem, 0.875rem + ((1vw - 0.2rem) * 0.049), 0.9rem);text-transform:uppercase;letter-spacing:1px;\" class=\"wp-elements-165a8aa96a7546446f11c5f70728c230 wp-block-query-pagination-next\">Nast\u0119pna strona<span class='wp-block-query-pagination-next-arrow is-arrow-arrow' aria-hidden='true'>\u2192<\/span><\/a>\n<\/nav><\/div>\n<\/div>\n\n\n\n<p><\/p>\n","protected":false},"excerpt":{"rendered":"","protected":false},"author":1,"featured_media":0,"parent":0,"menu_order":0,"comment_status":"closed","ping_status":"closed","template":"","meta":{"footnotes":""},"class_list":["post-290","page","type-page","status-publish","hentry"],"yoast_head":"<!-- This site is optimized with the Yoast SEO plugin v23.7 - https:\/\/yoast.com\/wordpress\/plugins\/seo\/ -->\n<title>- Wokamid Sp. z o. o.<\/title>\n<meta name=\"robots\" content=\"index, follow, max-snippet:-1, max-image-preview:large, max-video-preview:-1\" \/>\n<link rel=\"canonical\" href=\"https:\/\/wokamid.pl\/?page_id=290\" \/>\n<link rel=\"next\" href=\"https:\/\/wokamid.pl\/?page_id=290index.php?rest_route=%2Fwp%2Fv2%2Fpages%2F290&query-31-page=2\" \/>\n<meta property=\"og:locale\" content=\"pl_PL\" \/>\n<meta property=\"og:type\" content=\"article\" \/>\n<meta property=\"og:title\" content=\"- Wokamid Sp. z o. o.\" \/>\n<meta property=\"og:url\" content=\"https:\/\/wokamid.pl\/?page_id=290\" \/>\n<meta property=\"og:site_name\" content=\"Wokamid Sp. z o. o.\" \/>\n<meta property=\"article:modified_time\" content=\"2024-11-03T20:50:50+00:00\" \/>\n<meta property=\"og:image\" content=\"https:\/\/wokamid.pl\/wp-content\/uploads\/2024\/09\/logo.png\" \/>\n\t<meta property=\"og:image:width\" content=\"233\" \/>\n\t<meta property=\"og:image:height\" content=\"90\" \/>\n\t<meta property=\"og:image:type\" content=\"image\/png\" \/>\n<meta name=\"twitter:card\" content=\"summary_large_image\" \/>\n<script type=\"application\/ld+json\" class=\"yoast-schema-graph\">{\"@context\":\"https:\/\/schema.org\",\"@graph\":[{\"@type\":\"WebPage\",\"@id\":\"https:\/\/wokamid.pl\/?page_id=290\",\"url\":\"https:\/\/wokamid.pl\/?page_id=290\",\"name\":\"- Wokamid Sp. z o. o.\",\"isPartOf\":{\"@id\":\"https:\/\/wokamid.pl\/#website\"},\"datePublished\":\"2024-09-30T17:03:09+00:00\",\"dateModified\":\"2024-11-03T20:50:50+00:00\",\"inLanguage\":\"pl-PL\",\"potentialAction\":[{\"@type\":\"ReadAction\",\"target\":[\"https:\/\/wokamid.pl\/?page_id=290\"]}]},{\"@type\":\"WebSite\",\"@id\":\"https:\/\/wokamid.pl\/#website\",\"url\":\"https:\/\/wokamid.pl\/\",\"name\":\"WOKAMID SP. Z O. O.\",\"description\":\"\",\"publisher\":{\"@id\":\"https:\/\/wokamid.pl\/#organization\"},\"potentialAction\":[{\"@type\":\"SearchAction\",\"target\":{\"@type\":\"EntryPoint\",\"urlTemplate\":\"https:\/\/wokamid.pl\/?s={search_term_string}\"},\"query-input\":{\"@type\":\"PropertyValueSpecification\",\"valueRequired\":true,\"valueName\":\"search_term_string\"}}],\"inLanguage\":\"pl-PL\"},{\"@type\":\"Organization\",\"@id\":\"https:\/\/wokamid.pl\/#organization\",\"name\":\"WOKAMID SP. Z O. O.\",\"url\":\"https:\/\/wokamid.pl\/\",\"logo\":{\"@type\":\"ImageObject\",\"inLanguage\":\"pl-PL\",\"@id\":\"https:\/\/wokamid.pl\/#\/schema\/logo\/image\/\",\"url\":\"https:\/\/wokamid.pl\/wp-content\/uploads\/2024\/09\/logo.png\",\"contentUrl\":\"https:\/\/wokamid.pl\/wp-content\/uploads\/2024\/09\/logo.png\",\"width\":233,\"height\":90,\"caption\":\"WOKAMID SP. Z O. O.\"},\"image\":{\"@id\":\"https:\/\/wokamid.pl\/#\/schema\/logo\/image\/\"}}]}<\/script>\n<!-- \/ Yoast SEO plugin. -->","yoast_head_json":{"title":"- Wokamid Sp. z o. o.","robots":{"index":"index","follow":"follow","max-snippet":"max-snippet:-1","max-image-preview":"max-image-preview:large","max-video-preview":"max-video-preview:-1"},"canonical":"https:\/\/wokamid.pl\/?page_id=290","next":"https:\/\/wokamid.pl\/?page_id=290index.php?rest_route=%2Fwp%2Fv2%2Fpages%2F290&query-31-page=2","og_locale":"pl_PL","og_type":"article","og_title":"- Wokamid Sp. z o. o.","og_url":"https:\/\/wokamid.pl\/?page_id=290","og_site_name":"Wokamid Sp. z o. o.","article_modified_time":"2024-11-03T20:50:50+00:00","og_image":[{"width":233,"height":90,"url":"https:\/\/wokamid.pl\/wp-content\/uploads\/2024\/09\/logo.png","type":"image\/png"}],"twitter_card":"summary_large_image","schema":{"@context":"https:\/\/schema.org","@graph":[{"@type":"WebPage","@id":"https:\/\/wokamid.pl\/?page_id=290","url":"https:\/\/wokamid.pl\/?page_id=290","name":"- Wokamid Sp. z o. o.","isPartOf":{"@id":"https:\/\/wokamid.pl\/#website"},"datePublished":"2024-09-30T17:03:09+00:00","dateModified":"2024-11-03T20:50:50+00:00","inLanguage":"pl-PL","potentialAction":[{"@type":"ReadAction","target":["https:\/\/wokamid.pl\/?page_id=290"]}]},{"@type":"WebSite","@id":"https:\/\/wokamid.pl\/#website","url":"https:\/\/wokamid.pl\/","name":"WOKAMID SP. Z O. O.","description":"","publisher":{"@id":"https:\/\/wokamid.pl\/#organization"},"potentialAction":[{"@type":"SearchAction","target":{"@type":"EntryPoint","urlTemplate":"https:\/\/wokamid.pl\/?s={search_term_string}"},"query-input":{"@type":"PropertyValueSpecification","valueRequired":true,"valueName":"search_term_string"}}],"inLanguage":"pl-PL"},{"@type":"Organization","@id":"https:\/\/wokamid.pl\/#organization","name":"WOKAMID SP. Z O. O.","url":"https:\/\/wokamid.pl\/","logo":{"@type":"ImageObject","inLanguage":"pl-PL","@id":"https:\/\/wokamid.pl\/#\/schema\/logo\/image\/","url":"https:\/\/wokamid.pl\/wp-content\/uploads\/2024\/09\/logo.png","contentUrl":"https:\/\/wokamid.pl\/wp-content\/uploads\/2024\/09\/logo.png","width":233,"height":90,"caption":"WOKAMID SP. Z O. O."},"image":{"@id":"https:\/\/wokamid.pl\/#\/schema\/logo\/image\/"}}]}},"_links":{"self":[{"href":"https:\/\/wokamid.pl\/index.php?rest_route=\/wp\/v2\/pages\/290","targetHints":{"allow":["GET"]}}],"collection":[{"href":"https:\/\/wokamid.pl\/index.php?rest_route=\/wp\/v2\/pages"}],"about":[{"href":"https:\/\/wokamid.pl\/index.php?rest_route=\/wp\/v2\/types\/page"}],"author":[{"embeddable":true,"href":"https:\/\/wokamid.pl\/index.php?rest_route=\/wp\/v2\/users\/1"}],"replies":[{"embeddable":true,"href":"https:\/\/wokamid.pl\/index.php?rest_route=%2Fwp%2Fv2%2Fcomments&post=290"}],"version-history":[{"count":9,"href":"https:\/\/wokamid.pl\/index.php?rest_route=\/wp\/v2\/pages\/290\/revisions"}],"predecessor-version":[{"id":720,"href":"https:\/\/wokamid.pl\/index.php?rest_route=\/wp\/v2\/pages\/290\/revisions\/720"}],"wp:attachment":[{"href":"https:\/\/wokamid.pl\/index.php?rest_route=%2Fwp%2Fv2%2Fmedia&parent=290"}],"curies":[{"name":"wp","href":"https:\/\/api.w.org\/{rel}","templated":true}]}}