{"id":605,"date":"2024-10-30T13:45:14","date_gmt":"2024-10-30T12:45:14","guid":{"rendered":"https:\/\/wokamid.pl\/?page_id=605"},"modified":"2024-10-30T13:48:18","modified_gmt":"2024-10-30T12:48:18","slug":"elementor-605","status":"publish","type":"page","link":"https:\/\/wokamid.pl\/?page_id=605","title":{"rendered":""},"content":{"rendered":"\t\t<div data-elementor-type=\"wp-page\" data-elementor-id=\"605\" class=\"elementor elementor-605\">\n\t\t\t\t<div class=\"elementor-element elementor-element-154185f e-flex e-con-boxed e-con e-parent\" data-id=\"154185f\" data-element_type=\"container\">\n\t\t\t\t\t<div class=\"e-con-inner\">\n\t\t\t\t<div class=\"elementor-element elementor-element-29a97a7 elementor-widget elementor-widget-heading\" data-id=\"29a97a7\" data-element_type=\"widget\" data-widget_type=\"heading.default\">\n\t\t\t\t<div class=\"elementor-widget-container\">\n\t\t\t<h2 class=\"elementor-heading-title elementor-size-default\">Budowa instalacji paneli fotowoltaicznych wraz z infrastruktur\u0105 techniczn\u0105 s\u0142u\u017c\u0105c\u0105 do wytwarzania energii elektrycznej z energii s\u0142o\u0144ca na obiektach WOKAMID Sp. z o.o. w Gminie Przytoczna<\/h2>\t\t<\/div>\n\t\t\t\t<\/div>\n\t\t\t\t<div class=\"elementor-element elementor-element-f33c43c elementor-widget elementor-widget-image\" data-id=\"f33c43c\" data-element_type=\"widget\" data-widget_type=\"image.default\">\n\t\t\t\t<div class=\"elementor-widget-container\">\n\t\t\t\t\t\t\t\t\t\t\t\t\t<img fetchpriority=\"high\" decoding=\"async\" width=\"967\" height=\"102\" src=\"https:\/\/wokamid.pl\/wp-content\/uploads\/2024\/10\/pobrane.png\" class=\"attachment-large size-large wp-image-607\" alt=\"\" srcset=\"https:\/\/wokamid.pl\/wp-content\/uploads\/2024\/10\/pobrane.png 967w, https:\/\/wokamid.pl\/wp-content\/uploads\/2024\/10\/pobrane-300x32.png 300w, https:\/\/wokamid.pl\/wp-content\/uploads\/2024\/10\/pobrane-768x81.png 768w\" sizes=\"(max-width: 967px) 100vw, 967px\" \/>\t\t\t\t\t\t\t\t\t\t\t\t\t<\/div>\n\t\t\t\t<\/div>\n\t\t\t\t<div class=\"elementor-element elementor-element-a730ce6 elementor-widget elementor-widget-image\" data-id=\"a730ce6\" data-element_type=\"widget\" data-widget_type=\"image.default\">\n\t\t\t\t<div class=\"elementor-widget-container\">\n\t\t\t\t\t\t\t\t\t\t\t\t\t<img decoding=\"async\" width=\"97\" height=\"43\" src=\"https:\/\/wokamid.pl\/wp-content\/uploads\/2024\/10\/pobrane-1-1.png\" class=\"attachment-large size-large wp-image-614\" alt=\"\" \/>\t\t\t\t\t\t\t\t\t\t\t\t\t<\/div>\n\t\t\t\t<\/div>\n\t\t\t\t<div class=\"elementor-element elementor-element-06c32b1 elementor-widget elementor-widget-text-editor\" data-id=\"06c32b1\" data-element_type=\"widget\" data-widget_type=\"text-editor.default\">\n\t\t\t\t<div class=\"elementor-widget-container\">\n\t\t\t\t\t\t\t<h6>Przedmiotem projektu jest budowa nowoczesnych lokalnych \u017ar\u00f3de\u0142 OZE, tj. budowa 4 instalacji\u00a0fotowoltaicznych na obiektach WOKAMID Sp. z o.o. na terenie Gminy Przytoczna o \u0142\u0105cznej mocy 180,00\u00a0 kW:<\/h6><ul><li><h6>Budowa instalacji paneli fotowoltaicznych wraz z infrastruktur\u0105 techniczn\u0105, s\u0142u\u017c\u0105cej do\u00a0wytwarzania energii elektrycznej z energii s\u0142o\u0144ca o \u0142\u0105cznej mocy 10kW (AC) \u2013 \u201eElektrownia\u00a0S\u0142oneczna Oczyszczalnia Rokitno\u201d. Rokitno dz. nr 5\/36 (OS Rokitno);<\/h6><\/li><li><h6>Budowa instalacji paneli fotowoltaicznych wraz z infrastruktur\u0105 techniczn\u0105, s\u0142u\u017c\u0105cej do\u00a0wytwarzania energii elektrycznej z energii s\u0142o\u0144ca o \u0142\u0105cznej mocy 80kW (AC)- \u201eElektrownia\u00a0S\u0142oneczna OCZYSZCZALNIA \u015aCIEK\u00d3W Przytoczna\u201d Przytoczna dz. nr 213\/77 (OS Przytoczna);<\/h6><\/li><li><h6>Budowa instalacji paneli fotowoltaicznych wraz z infrastruktur\u0105 techniczn\u0105, s\u0142u\u017c\u0105cej do\u00a0wytwarzania energii elektrycznej z energii s\u0142o\u0144ca o \u0142\u0105cznej mocy 80kW (AC)- \u201eElektrownia\u00a0S\u0142oneczna SUW Przytoczna\u201d Przytoczna dz. nr 207\/151 (SUW Przytoczna);<\/h6><\/li><li><h6>Budowa instalacji paneli fotowoltaicznych wraz z infrastruktur\u0105 techniczn\u0105, s\u0142u\u017c\u0105cej do\u00a0wytwarzania energii elektrycznej z energii s\u0142o\u0144ca o \u0142\u0105cznej mocy 10kW (AC)- \u201eElektrownia\u00a0S\u0142oneczna SUW Rokitno\u201d Rokitno dz. nr 5\/1 (SUW Rokitno).<\/h6><\/li><\/ul><h6>Projektowane instalacje fotowoltaiczne maj\u0105 za zadanie przetwarza\u0107 energi\u0119 promieniowania s\u0142onecznego na energi\u0119 elektryczn\u0105 i po odpowiednim jej przetransformowaniu dostarcza\u0107 do systemu wewn\u0119trznego elektroenergetycznego budynk\u00f3w.<\/h6><h6><strong>G\u0142\u00f3wnym celem projektu<\/strong>\u00a0jest wzrost poziomu produkcji energii z odnawialnych \u017ar\u00f3de\u0142 energii w\u00a0 obiektach u\u017cyteczno\u015bci publicznej na terenie Gminy Przytoczna, poprzez budow\u0119 4 instalacji\u00a0 fotowoltaicznych na obiektach WOKAMID Sp. z o.o.<\/h6><h6>Realizacja projektu wp\u0142ynie na:<\/h6><ul><li><h6>zmniejszenie zapotrzebowania na tzw. \u201eczarn\u0105\u201d energi\u0119 elektryczn\u0105 dla obiekt\u00f3w\u00a0WOKAMID Sp. z o.o., poprzez zwi\u0119kszenie wykorzystania Odnawialnych \u0179r\u00f3de\u0142 Energii w zakresie gospodarki energetycznej,<\/h6><\/li><li><h6>wykorzystanie naturalnego potencja\u0142u energii s\u0142o\u0144ca w obiektach WOKAMID Sp. z o.o.,\u00a0poprzez budow\u0119 4 instalacji fotowoltaicznych,<\/h6><\/li><li><h6>zmniejszenie emisji CO2 dla obiekt\u00f3w WOKAMID Sp. z o.o. w wyniku zastosowania\u00a0Odnawialnych \u0179r\u00f3de\u0142 Energii.<\/h6><\/li><\/ul><h6>Osi\u0105gni\u0119cie poszczeg\u00f3lnych wska\u017anik\u00f3w projekt przyczyni si\u0119 do realizacji cel\u00f3w d\u0142ugofalowych, zwi\u0105zanych z przej\u015bciem na gospodark\u0119 niskoemisyjn\u0105, w tym przede wszystkim:<\/h6><ul><li><h6>powstrzymanie procesu zanieczyszczenia \u015brodowiska naturalnego, w tym przede wszystkim powietrza,<\/h6><\/li><li><h6>zmniejszenie ilo\u015bci zanieczyszcze\u0144 emitowanych do atmosfery, kt\u00f3rych \u017ar\u00f3d\u0142em jest zu\u017cycie tzw. \u201eczarnej\u201d energii elektrycznej,<\/h6><\/li><li><h6>popraw\u0119 jako\u015bci \u017cycia oraz zdrowia mieszka\u0144c\u00f3w Gminy,<\/h6><\/li><li><h6>powstrzymanie degradacji ekosystem\u00f3w,<\/h6><\/li><li><h6>popraw\u0119 konkurencyjno\u015bci i atrakcyjno\u015bci Gminy,<\/h6><\/li><li><h6>popraw\u0119 sp\u00f3jno\u015bci spo\u0142ecznej i terytorialnej Wojew\u00f3dztwa Lubuskiego.<\/h6><\/li><\/ul><h6>\u00a0 \u00a0 \u00a0 \u00a0Sp\u00f3\u0142ka na realizacj\u0119 tej inwestycji otrzyma\u0142a dofinansowanie w wysoko\u015bci\u00a0<strong>289 654,00 z\u0142<\/strong>, oraz po\u017cycz\u0119 w kwocie<strong>\u00a0422 250,02 z\u0142 z\u00a0<em>Wojew\u00f3dzkiego Funduszu Ochrony<\/em>\u00a0<em>\u015arodowiska i Godpodarki Wodnej w Zielonej G\u00f3rze<\/em>.<\/strong><\/h6><h6><strong>\u00a0 \u00a0 \u00a0 C<\/strong>a\u0142kowita warto\u015b\u0107 projektu wynosi\u00a0<strong>848 272,43 z\u0142<\/strong>.\u00a0Projekt realizowany jest z Regionalnego Programu Operacyjnego Lubuskie &#8211;\u00a0 2020 w ramach Dzia\u0142ania 3.1. Odnawialne \u017ar\u00f3d\u0142a energii. Planowany termin zako\u0144czenia inwestycji 31.12.2021 r.<\/h6>\t\t\t\t\t\t<\/div>\n\t\t\t\t<\/div>\n\t\t\t\t\t<\/div>\n\t\t\t\t<\/div>\n\t\t\t\t<\/div>\n\t\t","protected":false},"excerpt":{"rendered":"<p>Budowa instalacji paneli fotowoltaicznych wraz z infrastruktur\u0105 techniczn\u0105 s\u0142u\u017c\u0105c\u0105 do wytwarzania energii elektrycznej z energii s\u0142o\u0144ca na obiektach WOKAMID Sp. z o.o. w Gminie Przytoczna Przedmiotem projektu jest budowa nowoczesnych lokalnych \u017ar\u00f3de\u0142 OZE, tj. budowa 4 instalacji\u00a0fotowoltaicznych na obiektach WOKAMID Sp. z o.o. na terenie Gminy Przytoczna o \u0142\u0105cznej mocy 180,00\u00a0 kW: Budowa instalacji paneli [&hellip;]<\/p>\n","protected":false},"author":1,"featured_media":0,"parent":0,"menu_order":0,"comment_status":"closed","ping_status":"closed","template":"","meta":{"footnotes":""},"class_list":["post-605","page","type-page","status-publish","hentry"],"yoast_head":"<!-- This site is optimized with the Yoast SEO plugin v23.7 - https:\/\/yoast.com\/wordpress\/plugins\/seo\/ -->\n<title>- Wokamid Sp. z o. o.<\/title>\n<meta name=\"robots\" content=\"index, follow, max-snippet:-1, max-image-preview:large, max-video-preview:-1\" \/>\n<link rel=\"canonical\" href=\"https:\/\/wokamid.pl\/?page_id=605\" \/>\n<meta property=\"og:locale\" content=\"pl_PL\" \/>\n<meta property=\"og:type\" content=\"article\" \/>\n<meta property=\"og:title\" content=\"- Wokamid Sp. z o. o.\" \/>\n<meta property=\"og:description\" content=\"Budowa instalacji paneli fotowoltaicznych wraz z infrastruktur\u0105 techniczn\u0105 s\u0142u\u017c\u0105c\u0105 do wytwarzania energii elektrycznej z energii s\u0142o\u0144ca na obiektach WOKAMID Sp. z o.o. w Gminie Przytoczna Przedmiotem projektu jest budowa nowoczesnych lokalnych \u017ar\u00f3de\u0142 OZE, tj. budowa 4 instalacji\u00a0fotowoltaicznych na obiektach WOKAMID Sp. z o.o. na terenie Gminy Przytoczna o \u0142\u0105cznej mocy 180,00\u00a0 kW: Budowa instalacji paneli [&hellip;]\" \/>\n<meta property=\"og:url\" content=\"https:\/\/wokamid.pl\/?page_id=605\" \/>\n<meta property=\"og:site_name\" content=\"Wokamid Sp. z o. o.\" \/>\n<meta property=\"article:modified_time\" content=\"2024-10-30T12:48:18+00:00\" \/>\n<meta property=\"og:image\" content=\"https:\/\/wokamid.pl\/wp-content\/uploads\/2024\/10\/pobrane.png\" \/>\n<meta name=\"twitter:card\" content=\"summary_large_image\" \/>\n<meta name=\"twitter:label1\" content=\"Szacowany czas czytania\" \/>\n\t<meta name=\"twitter:data1\" content=\"3 minuty\" \/>\n<script type=\"application\/ld+json\" class=\"yoast-schema-graph\">{\"@context\":\"https:\/\/schema.org\",\"@graph\":[{\"@type\":\"WebPage\",\"@id\":\"https:\/\/wokamid.pl\/?page_id=605\",\"url\":\"https:\/\/wokamid.pl\/?page_id=605\",\"name\":\"- Wokamid Sp. z o. o.\",\"isPartOf\":{\"@id\":\"https:\/\/wokamid.pl\/#website\"},\"primaryImageOfPage\":{\"@id\":\"https:\/\/wokamid.pl\/?page_id=605#primaryimage\"},\"image\":{\"@id\":\"https:\/\/wokamid.pl\/?page_id=605#primaryimage\"},\"thumbnailUrl\":\"https:\/\/wokamid.pl\/wp-content\/uploads\/2024\/10\/pobrane.png\",\"datePublished\":\"2024-10-30T12:45:14+00:00\",\"dateModified\":\"2024-10-30T12:48:18+00:00\",\"inLanguage\":\"pl-PL\",\"potentialAction\":[{\"@type\":\"ReadAction\",\"target\":[\"https:\/\/wokamid.pl\/?page_id=605\"]}]},{\"@type\":\"ImageObject\",\"inLanguage\":\"pl-PL\",\"@id\":\"https:\/\/wokamid.pl\/?page_id=605#primaryimage\",\"url\":\"https:\/\/wokamid.pl\/wp-content\/uploads\/2024\/10\/pobrane.png\",\"contentUrl\":\"https:\/\/wokamid.pl\/wp-content\/uploads\/2024\/10\/pobrane.png\",\"width\":967,\"height\":102},{\"@type\":\"WebSite\",\"@id\":\"https:\/\/wokamid.pl\/#website\",\"url\":\"https:\/\/wokamid.pl\/\",\"name\":\"WOKAMID SP. Z O. O.\",\"description\":\"\",\"publisher\":{\"@id\":\"https:\/\/wokamid.pl\/#organization\"},\"potentialAction\":[{\"@type\":\"SearchAction\",\"target\":{\"@type\":\"EntryPoint\",\"urlTemplate\":\"https:\/\/wokamid.pl\/?s={search_term_string}\"},\"query-input\":{\"@type\":\"PropertyValueSpecification\",\"valueRequired\":true,\"valueName\":\"search_term_string\"}}],\"inLanguage\":\"pl-PL\"},{\"@type\":\"Organization\",\"@id\":\"https:\/\/wokamid.pl\/#organization\",\"name\":\"WOKAMID SP. Z O. O.\",\"url\":\"https:\/\/wokamid.pl\/\",\"logo\":{\"@type\":\"ImageObject\",\"inLanguage\":\"pl-PL\",\"@id\":\"https:\/\/wokamid.pl\/#\/schema\/logo\/image\/\",\"url\":\"https:\/\/wokamid.pl\/wp-content\/uploads\/2024\/09\/logo.png\",\"contentUrl\":\"https:\/\/wokamid.pl\/wp-content\/uploads\/2024\/09\/logo.png\",\"width\":233,\"height\":90,\"caption\":\"WOKAMID SP. Z O. O.\"},\"image\":{\"@id\":\"https:\/\/wokamid.pl\/#\/schema\/logo\/image\/\"}}]}<\/script>\n<!-- \/ Yoast SEO plugin. -->","yoast_head_json":{"title":"- Wokamid Sp. z o. o.","robots":{"index":"index","follow":"follow","max-snippet":"max-snippet:-1","max-image-preview":"max-image-preview:large","max-video-preview":"max-video-preview:-1"},"canonical":"https:\/\/wokamid.pl\/?page_id=605","og_locale":"pl_PL","og_type":"article","og_title":"- Wokamid Sp. z o. o.","og_description":"Budowa instalacji paneli fotowoltaicznych wraz z infrastruktur\u0105 techniczn\u0105 s\u0142u\u017c\u0105c\u0105 do wytwarzania energii elektrycznej z energii s\u0142o\u0144ca na obiektach WOKAMID Sp. z o.o. w Gminie Przytoczna Przedmiotem projektu jest budowa nowoczesnych lokalnych \u017ar\u00f3de\u0142 OZE, tj. budowa 4 instalacji\u00a0fotowoltaicznych na obiektach WOKAMID Sp. z o.o. na terenie Gminy Przytoczna o \u0142\u0105cznej mocy 180,00\u00a0 kW: Budowa instalacji paneli [&hellip;]","og_url":"https:\/\/wokamid.pl\/?page_id=605","og_site_name":"Wokamid Sp. z o. o.","article_modified_time":"2024-10-30T12:48:18+00:00","og_image":[{"url":"https:\/\/wokamid.pl\/wp-content\/uploads\/2024\/10\/pobrane.png"}],"twitter_card":"summary_large_image","twitter_misc":{"Szacowany czas czytania":"3 minuty"},"schema":{"@context":"https:\/\/schema.org","@graph":[{"@type":"WebPage","@id":"https:\/\/wokamid.pl\/?page_id=605","url":"https:\/\/wokamid.pl\/?page_id=605","name":"- Wokamid Sp. z o. o.","isPartOf":{"@id":"https:\/\/wokamid.pl\/#website"},"primaryImageOfPage":{"@id":"https:\/\/wokamid.pl\/?page_id=605#primaryimage"},"image":{"@id":"https:\/\/wokamid.pl\/?page_id=605#primaryimage"},"thumbnailUrl":"https:\/\/wokamid.pl\/wp-content\/uploads\/2024\/10\/pobrane.png","datePublished":"2024-10-30T12:45:14+00:00","dateModified":"2024-10-30T12:48:18+00:00","inLanguage":"pl-PL","potentialAction":[{"@type":"ReadAction","target":["https:\/\/wokamid.pl\/?page_id=605"]}]},{"@type":"ImageObject","inLanguage":"pl-PL","@id":"https:\/\/wokamid.pl\/?page_id=605#primaryimage","url":"https:\/\/wokamid.pl\/wp-content\/uploads\/2024\/10\/pobrane.png","contentUrl":"https:\/\/wokamid.pl\/wp-content\/uploads\/2024\/10\/pobrane.png","width":967,"height":102},{"@type":"WebSite","@id":"https:\/\/wokamid.pl\/#website","url":"https:\/\/wokamid.pl\/","name":"WOKAMID SP. Z O. O.","description":"","publisher":{"@id":"https:\/\/wokamid.pl\/#organization"},"potentialAction":[{"@type":"SearchAction","target":{"@type":"EntryPoint","urlTemplate":"https:\/\/wokamid.pl\/?s={search_term_string}"},"query-input":{"@type":"PropertyValueSpecification","valueRequired":true,"valueName":"search_term_string"}}],"inLanguage":"pl-PL"},{"@type":"Organization","@id":"https:\/\/wokamid.pl\/#organization","name":"WOKAMID SP. Z O. O.","url":"https:\/\/wokamid.pl\/","logo":{"@type":"ImageObject","inLanguage":"pl-PL","@id":"https:\/\/wokamid.pl\/#\/schema\/logo\/image\/","url":"https:\/\/wokamid.pl\/wp-content\/uploads\/2024\/09\/logo.png","contentUrl":"https:\/\/wokamid.pl\/wp-content\/uploads\/2024\/09\/logo.png","width":233,"height":90,"caption":"WOKAMID SP. Z O. O."},"image":{"@id":"https:\/\/wokamid.pl\/#\/schema\/logo\/image\/"}}]}},"_links":{"self":[{"href":"https:\/\/wokamid.pl\/index.php?rest_route=\/wp\/v2\/pages\/605","targetHints":{"allow":["GET"]}}],"collection":[{"href":"https:\/\/wokamid.pl\/index.php?rest_route=\/wp\/v2\/pages"}],"about":[{"href":"https:\/\/wokamid.pl\/index.php?rest_route=\/wp\/v2\/types\/page"}],"author":[{"embeddable":true,"href":"https:\/\/wokamid.pl\/index.php?rest_route=\/wp\/v2\/users\/1"}],"replies":[{"embeddable":true,"href":"https:\/\/wokamid.pl\/index.php?rest_route=%2Fwp%2Fv2%2Fcomments&post=605"}],"version-history":[{"count":8,"href":"https:\/\/wokamid.pl\/index.php?rest_route=\/wp\/v2\/pages\/605\/revisions"}],"predecessor-version":[{"id":622,"href":"https:\/\/wokamid.pl\/index.php?rest_route=\/wp\/v2\/pages\/605\/revisions\/622"}],"wp:attachment":[{"href":"https:\/\/wokamid.pl\/index.php?rest_route=%2Fwp%2Fv2%2Fmedia&parent=605"}],"curies":[{"name":"wp","href":"https:\/\/api.w.org\/{rel}","templated":true}]}}