{"id":623,"date":"2024-10-30T13:53:00","date_gmt":"2024-10-30T12:53:00","guid":{"rendered":"https:\/\/wokamid.pl\/?page_id=623"},"modified":"2024-10-30T14:33:15","modified_gmt":"2024-10-30T13:33:15","slug":"elementor-623","status":"publish","type":"page","link":"https:\/\/wokamid.pl\/?page_id=623","title":{"rendered":""},"content":{"rendered":"\t\t<div data-elementor-type=\"wp-page\" data-elementor-id=\"623\" class=\"elementor elementor-623\">\n\t\t\t\t<div class=\"elementor-element elementor-element-089dbc1 e-flex e-con-boxed e-con e-parent\" data-id=\"089dbc1\" data-element_type=\"container\">\n\t\t\t\t\t<div class=\"e-con-inner\">\n\t\t\t\t<div class=\"elementor-element elementor-element-fadbbcd elementor-widget elementor-widget-image\" data-id=\"fadbbcd\" data-element_type=\"widget\" data-widget_type=\"image.default\">\n\t\t\t\t<div class=\"elementor-widget-container\">\n\t\t\t\t\t\t\t\t\t\t\t\t\t<img fetchpriority=\"high\" decoding=\"async\" width=\"967\" height=\"102\" src=\"https:\/\/wokamid.pl\/wp-content\/uploads\/2024\/10\/pobrane-2.png\" class=\"attachment-large size-large wp-image-609\" alt=\"\" srcset=\"https:\/\/wokamid.pl\/wp-content\/uploads\/2024\/10\/pobrane-2.png 967w, https:\/\/wokamid.pl\/wp-content\/uploads\/2024\/10\/pobrane-2-300x32.png 300w, https:\/\/wokamid.pl\/wp-content\/uploads\/2024\/10\/pobrane-2-768x81.png 768w\" sizes=\"(max-width: 967px) 100vw, 967px\" \/>\t\t\t\t\t\t\t\t\t\t\t\t\t<\/div>\n\t\t\t\t<\/div>\n\t\t\t\t<div class=\"elementor-element elementor-element-3285d66 elementor-align-center elementor-widget elementor-widget-button\" data-id=\"3285d66\" data-element_type=\"widget\" data-widget_type=\"button.default\">\n\t\t\t\t<div class=\"elementor-widget-container\">\n\t\t\t\t\t<div class=\"elementor-button-wrapper\">\n\t\t\t<a class=\"elementor-button elementor-button-link elementor-size-sm\" href=\"https:\/\/wokamid.pl\/wp-content\/uploads\/2024\/10\/a4-1-2-dc370542e4.png\">\n\t\t\t\t\t\t<span class=\"elementor-button-content-wrapper\">\n\t\t\t\t\t\t\t\t\t<span class=\"elementor-button-text\">ZDJ\u0118CIE TABLICY<\/span>\n\t\t\t\t\t<\/span>\n\t\t\t\t\t<\/a>\n\t\t<\/div>\n\t\t\t\t<\/div>\n\t\t\t\t<\/div>\n\t\t\t\t<div class=\"elementor-element elementor-element-80b8270 elementor-widget elementor-widget-text-editor\" data-id=\"80b8270\" data-element_type=\"widget\" data-widget_type=\"text-editor.default\">\n\t\t\t\t<div class=\"elementor-widget-container\">\n\t\t\t\t\t\t\t<h6 class=\"western\" align=\"justify\"><b>WOKAMID Sp. z o.o. w Przytocznej\u00a0<\/b>planuje<b>\u00a0<\/b>kolejn\u0105 inwestycj\u0119 na terenie gminy Przytoczna zwi\u0105zan\u0105 z gospodark\u0105 wodno \u2013 \u015bciekow\u0105. Sp\u00f3\u0142ka WOKAMID na realizacj\u0119 inwestycji pozyska\u0142a dofinansowanie ze \u015brodk\u00f3w unijnych w wysoko\u015bci\u00a0<b>1 839 636,45 z\u0142,\u00a0<\/b>natomiast ca\u0142kowita warto\u015b\u0107 projektu wynosi\u00a0<b>2 662 062,16 z\u0142.<\/b><\/h6><h6 class=\"western\" align=\"justify\"><b>G\u0142\u00f3wnym celem projektu<\/b>\u00a0jest poprawa dost\u0119pu do dobrej jako\u015bci infrastruktury<br \/>wodoci\u0105gowo &#8211; kanalizacyjnej na obszarze Gminy Przytoczna.<\/h6><h6 class=\"western\" align=\"justify\">Bior\u0105c pod uwag\u0119, i\u017c na terenie gminy Przytoczna jest ograniczony dost\u0119p do dobrej jako\u015bci infrastruktury wodoci\u0105gowo-kanalizacyjnej, modernizacji zostanie poddana oczyszczalnia \u015bciek\u00f3w w miejscowo\u015bci Przytoczna. Oczyszczalnia \u015bciek\u00f3w obs\u0142uguje teren gminy Przytoczna.\u00a0<span style=\"font-family: Calibri, serif;\">Do oczyszczalni doprowadzane s\u0105 \u015bcieki bytowo-gospodarcze.<\/span>\u00a0Spodziewanym rezultatem realizacji inwestycji jest modernizacja oczyszczalni \u015bciek\u00f3w, poprawiaj\u0105ca jej funkcjonowanie, umo\u017cliwiaj\u0105ca utrzymanie poprawnej pracy ci\u0105gu technologicznego.<\/h6><h6 class=\"western\" align=\"justify\">Realizacja projektu w spos\u00f3b zdecydowany wp\u0142ynie na wskazane wy\u017cej problemy. Pozwoli na uzupe\u0142nienie brak\u00f3w w zakresie infrastruktury wodno-\u015bciekowej, w tym zapewni\u0107 utrzymanie wymaganego poziomu skanalizowania aglomeracji oraz przepustowo\u015b\u0107 oczyszczalni.<\/h6><h6 class=\"western\" align=\"justify\">Modernizacja oczyszczalni obejmowa\u0107 b\u0119dzie m. in. nast\u0119puj\u0105ce obiekty, urz\u0105dzenia i instalacje:<\/h6><ul><li><h6 class=\"western\" align=\"justify\">sitopiaskownik,<\/h6><\/li><li><h6 class=\"western\" align=\"justify\">instalacje do oczyszczania wst\u0119pnego.<\/h6><\/li><\/ul><h6 class=\"western\" align=\"justify\">Obiekty istniej\u0105ce modernizowane:<\/h6><ul><li><h6>Modernizacja oczyszczalni \u015bciek\u00f3w Przytoczna.<\/h6><\/li><li><h6>Budowa kanalizacji sanitarnej grawitacyjno-t\u0142ocznej przy ul. G\u0142\u00f3wnej w miejscowo\u015bci Przytoczna \u2013 327 m.<\/h6><\/li><li><h6>Modernizacja stacji uzdatniania wody w Przytocznej.<\/h6><\/li><\/ul><h6 class=\"western\" align=\"justify\">Projekt realizowany jest z Regionalnego Programu Operacyjnego Lubuskie &#8211; 2020 w ramach Dzia\u0142ania 4.3 Gospodarka wodno-\u015bciekowa.<\/h6>\t\t\t\t\t\t<\/div>\n\t\t\t\t<\/div>\n\t\t\t\t<div class=\"elementor-element elementor-element-8a16040 elementor-widget elementor-widget-text-editor\" data-id=\"8a16040\" data-element_type=\"widget\" data-widget_type=\"text-editor.default\">\n\t\t\t\t<div class=\"elementor-widget-container\">\n\t\t\t\t\t\t\t<h5><span style=\"text-decoration: underline;\"><strong>Informacja o wykonanych pracach Luty 2023<\/strong><\/span><\/h5><h6>Pocz\u0105tek bie\u017c\u0105cego roku to dla projektu \u201eUporz\u0105dkowanie gospodarki wodno-\u015bciekowej na terenie Gminy Przytoczna \u2013 cz\u0119\u015b\u0107 2\u201d niezwykle pracowity i rozstrzygaj\u0105cy okres. Projekt sk\u0142ada si\u0119 z trzech element\u00f3w i w ka\u017cdym z nich prace s\u0105 na uko\u0144czeniu:<\/h6><h6>1. Modernizacja oczyszczalni \u015bciek\u00f3w w Przytocznej: W ramach zadania dokonano monta\u017cu dmuchaw raz zamontowano przepustnice na ich instalacji. Ponadto wykonano now\u0105 pompowni\u0119 \u015bciek\u00f3w wchodz\u0105cych do oczyszczalni oraz rozpocz\u0119to prace automatyki i elektroniczne.<\/h6><h6>2. Budowa sieci kanalizacyjnej w Przytocznej: Na podstawie przygotowanego wcze\u015bniej projektu technicznego budowy sieci kanalizacyjnej przy ul. G\u0142\u00f3wnej w Przytocznej wykonano zaplanowane prace budowlane, kt\u00f3re zako\u0144czono odbiorem.\u00a0<\/h6><h6>3. Modernizacja stacji uzdatniania wody w Przytocznej oraz budowa paneli fotowoltaicznej na obiekcie WOKAMID: W ramach tego zadania wybrano wykonawc\u0119 zadania. Zosta\u0142a zawarta umowa z wykonawc\u0105. Trwaj\u0105 prace przygotowawcze do wykonania rzeczowego zadania. Wykonawca paneli fotowoltaicznych na obiekcie WOKAMID wykona\u0142 przedmiot umowy i nast\u0105pi\u0142 odbi\u00f3r ko\u0144cowy prac.<\/h6><h6>R\u00f3wnocze\u015bnie Instytucja Zarz\u0105dzaj\u0105ca RPO L2020 prowadzi weryfikacj\u0119 dokument\u00f3w do oceny uzupe\u0142niaj\u0105cej projektu. Nie blokuje to jednak mo\u017cliwo\u015bci kontynuowania prac, dlatego beneficjent realizuje wszystkie zadania zgodnie z harmonogramem i umowami z wykonawcami.<\/h6>\t\t\t\t\t\t<\/div>\n\t\t\t\t<\/div>\n\t\t\t\t<div class=\"elementor-element elementor-element-46c8a0a elementor-widget elementor-widget-text-editor\" data-id=\"46c8a0a\" data-element_type=\"widget\" data-widget_type=\"text-editor.default\">\n\t\t\t\t<div class=\"elementor-widget-container\">\n\t\t\t\t\t\t\t<h5><span style=\"text-decoration: underline;\"><strong>Informacja o wykonanych pracach w 2022 r.<\/strong><\/span><\/h5><h6>Realizacja projektu i efektywne zarz\u0105dzanie nim niejednokrotnie wymaga od beneficjenta przeredagowania tre\u015bci dokumentacji aplikacyjnej i wprowadzenie zmian kt\u00f3re pozwol\u0105 na osi\u0105gni\u0119cie za\u0142o\u017conych wska\u017anik\u00f3w w ramach zaplanowanego bud\u017cetu. Niejednokrotnie zmiany wymusza up\u0142ywaj\u0105cy czas i zwi\u0105zany z tym proces doskonalenia pewnych technologii \u2013 rozwi\u0105zanie kt\u00f3re na etapie sk\u0142adania dokumentacji aplikacyjnej wydawa\u0142o si\u0119 najlepszym i ekonomicznie uzasadnionym po kilkunastu miesi\u0105cach kt\u00f3re up\u0142yn\u0119\u0142y od z\u0142o\u017cenia wniosku o dofinansowanie okazuje si\u0119 nieaktualne czasami wr\u0119cz przestarza\u0142e. Dlatego mi\u0119dzy innymi WOKAMID Sp. z o. o. realizacj\u0119 projektu \u201dUporz\u0105dkowanie gospodarki wodno-\u015bciekowej na terenie Gminy Przytoczna cz. 2\u201d rozpocz\u0105\u0142 od wprowadzania niezb\u0119dnych zmian.<\/h6><h6>Ponadto 2022 rok up\u0142yn\u0105\u0142 na wy\u0142anianiu wykonawc\u00f3w poszczeg\u00f3lnych zada\u0144:<\/h6><h6>&#8211; W lipcu podpisano umow\u0119 na wykonanie prac zwi\u0105zanych z zadaniem: \u201eBudowa kanalizacji sanitarnej grawitacyjno-t\u0142ocznej przy ul. G\u0142\u00f3wnej w miejscowo\u015bci Przytoczna w formule zaprojektuj i wybuduj\u201d. Wykonawca sieci kanalizacji sanitarnej jest w trakcie opracowywania dokumentacji projektowej.<\/h6><h6>&#8211; Wy\u0142onieni zostali wykonawcy na modernizacj\u0119 oczyszczalni \u015bciek\u00f3w i sieci kanalizacji sanitarnej.<\/h6><h6>W ramach podpisanych um\u00f3w przyst\u0105pili oni niezw\u0142ocznie do realizacji prac, wskutek czego\u00a0 uda\u0142o im si\u0119 wykona\u0107 70 % za\u0142o\u017ce\u0144 przedmiotu umowy.<\/h6><h6>&#8211; Aktualnie trwaj\u0105 prace zwi\u0105zane z wyborem wykonawcy na &#8222;Przebudow\u0119 technologii i monitoring SUW&#8221;.<\/h6><h6>Koniec roku up\u0142yn\u0105\u0142 na przygotowaniu dokumentacji do przed\u0142o\u017cenia do Instytucji Zarz\u0105dzaj\u0105cej RPO Lubuskie 2020 do oceny uzupe\u0142niaj\u0105cej. Wynika to z faktu, \u017ce przedmiotowy projekt jest realizowany w formule zaprojektuj i wybuduj: Po pozytywnej decyzji Instytucji Zarz\u0105dzaj\u0105cej RPO L2020 o dofinansowaniu projektu beneficjent projektu podpisuje umow\u0119 o dofinansowanie. Wykonawca wybrany do realizacji g\u0142\u00f3wnego zakresu rzeczowego projektu jest zobowi\u0105zany wykona\u0107 zar\u00f3wno roboty budowlane jak i przygotowa\u0107 dokumentacj\u0119 techniczn\u0105 oraz uzyska\u0107 wymagane prawem decyzje, pozwolenia (zg\u0142oszenia). Po wykonaniu dokumentacji, a tak\u017ce wykonaniu wszelkich czynno\u015bci zwi\u0105zanych z ocen\u0105 oddzia\u0142ywania na \u015brodowisko, Beneficjent jest zobligowany do aktualizacji wniosku o dofinansowanie oraz Studium Wykonalno\u015bci. Zaktualizowane Studium Wykonalno\u015bci jest ponownie oceniane pod wzgl\u0119dem spe\u0142nienia kryteri\u00f3w \u015brodowiskowych.<\/h6>\t\t\t\t\t\t<\/div>\n\t\t\t\t<\/div>\n\t\t\t\t<div class=\"elementor-element elementor-element-d23005a elementor-widget elementor-widget-text-editor\" data-id=\"d23005a\" data-element_type=\"widget\" data-widget_type=\"text-editor.default\">\n\t\t\t\t<div class=\"elementor-widget-container\">\n\t\t\t\t\t\t\t<h5><span style=\"text-decoration: underline;\"><strong>Zmiany w projekcie<\/strong><\/span><\/h5><h6>Beneficjent z\u0142o\u017cy\u0142 FORMULARZ WPROWADZANIA ZMIAN W PROJEKCIE REALIZOWANYM W RAMACH DZIA\u0141ANIA Dzia\u0142anie 4.3 Gospodarka wodno-\u015bciekowa REGIONALNEGO PROGRAMU OPERACYJNEGO \u2013 Lubuskie 2020.<br \/>Poprawie uleg\u0142a przygotowana wcze\u015bniej dokumentacja projektowa do realizacji rzeczowej inwestycji (tj. dokumentacja aplikacyjna SW w zakresie obiekt\u00f3w modernizowanych).\u00a0<br \/>Beneficjent wnioskuje o zgod\u0119 na zmian\u0119 rozwi\u0105zania technicznego dotycz\u0105cego wy\u0142apywania wst\u0119pnego du\u017cych zanieczyszcze\u0144 w \u015bciekach trafiaj\u0105cych do zmodernizowanej oczyszczalni. Zamiast wst\u0119pnie planowanego sita pionowego w tej cz\u0119\u015bci oczyszczalni chcemy wymieni\u0107 krat\u0119 koszow\u0105.\u00a0<\/h6><h6>Dodatkowo planuje si\u0119 zastosowa\u0107 sitopiaskownik pozwalaj\u0105cy na separacj\u0119 t\u0142uszczy oraz posiadaj\u0105cy zintegrowany przelew awaryjny.<br \/>W ramach zadania przewiduje si\u0119 monta\u017c uk\u0142adu wst\u0119pnego oczyszczania z krat\u0105 koszow\u0105 (zamiast sita pionowego). Projektowane urz\u0105dzenie pozwoli na usuni\u0119cie du\u017cych zanieczyszcze\u0144 z dop\u0142ywaj\u0105cych \u015bciek\u00f3w mog\u0105cych spowodowa\u0107 uszkodzenie pomp w przepompowni \u015bciek\u00f3w.<br \/>W kwestii drugiego z element\u00f3w, tj. sitopiaskownika informuj\u0119, i\u017c projektowany sitopiaskownik, zabezpieczony zostanie zintegrowanym przelewem awaryjnym, kt\u00f3ry to w trakcie przeci\u0105\u017ce\u0144 hydraulicznych zabezpieczy przed niekontrolowanym przelewem \u015bciek\u00f3w i przedostaniem si\u0119 ich do \u015brodowiska naturalnego.<\/h6>\t\t\t\t\t\t<\/div>\n\t\t\t\t<\/div>\n\t\t\t\t\t<\/div>\n\t\t\t\t<\/div>\n\t\t\t\t<\/div>\n\t\t","protected":false},"excerpt":{"rendered":"<p>ZDJ\u0118CIE TABLICY WOKAMID Sp. z o.o. w Przytocznej\u00a0planuje\u00a0kolejn\u0105 inwestycj\u0119 na terenie gminy Przytoczna zwi\u0105zan\u0105 z gospodark\u0105 wodno \u2013 \u015bciekow\u0105. Sp\u00f3\u0142ka WOKAMID na realizacj\u0119 inwestycji pozyska\u0142a dofinansowanie ze \u015brodk\u00f3w unijnych w wysoko\u015bci\u00a01 839 636,45 z\u0142,\u00a0natomiast ca\u0142kowita warto\u015b\u0107 projektu wynosi\u00a02 662 062,16 z\u0142. G\u0142\u00f3wnym celem projektu\u00a0jest poprawa dost\u0119pu do dobrej jako\u015bci infrastrukturywodoci\u0105gowo &#8211; kanalizacyjnej na obszarze Gminy [&hellip;]<\/p>\n","protected":false},"author":1,"featured_media":0,"parent":0,"menu_order":0,"comment_status":"closed","ping_status":"closed","template":"","meta":{"footnotes":""},"class_list":["post-623","page","type-page","status-publish","hentry"],"yoast_head":"<!-- This site is optimized with the Yoast SEO plugin v23.7 - https:\/\/yoast.com\/wordpress\/plugins\/seo\/ -->\n<title>- Wokamid Sp. z o. o.<\/title>\n<meta name=\"robots\" content=\"index, follow, max-snippet:-1, max-image-preview:large, max-video-preview:-1\" \/>\n<link rel=\"canonical\" href=\"https:\/\/wokamid.pl\/?page_id=623\" \/>\n<meta property=\"og:locale\" content=\"pl_PL\" \/>\n<meta property=\"og:type\" content=\"article\" \/>\n<meta property=\"og:title\" content=\"- Wokamid Sp. z o. o.\" \/>\n<meta property=\"og:description\" content=\"ZDJ\u0118CIE TABLICY WOKAMID Sp. z o.o. w Przytocznej\u00a0planuje\u00a0kolejn\u0105 inwestycj\u0119 na terenie gminy Przytoczna zwi\u0105zan\u0105 z gospodark\u0105 wodno \u2013 \u015bciekow\u0105. Sp\u00f3\u0142ka WOKAMID na realizacj\u0119 inwestycji pozyska\u0142a dofinansowanie ze \u015brodk\u00f3w unijnych w wysoko\u015bci\u00a01 839 636,45 z\u0142,\u00a0natomiast ca\u0142kowita warto\u015b\u0107 projektu wynosi\u00a02 662 062,16 z\u0142. G\u0142\u00f3wnym celem projektu\u00a0jest poprawa dost\u0119pu do dobrej jako\u015bci infrastrukturywodoci\u0105gowo &#8211; kanalizacyjnej na obszarze Gminy [&hellip;]\" \/>\n<meta property=\"og:url\" content=\"https:\/\/wokamid.pl\/?page_id=623\" \/>\n<meta property=\"og:site_name\" content=\"Wokamid Sp. z o. o.\" \/>\n<meta property=\"article:modified_time\" content=\"2024-10-30T13:33:15+00:00\" \/>\n<meta property=\"og:image\" content=\"https:\/\/wokamid.pl\/wp-content\/uploads\/2024\/10\/pobrane-2.png\" \/>\n<meta name=\"twitter:card\" content=\"summary_large_image\" \/>\n<meta name=\"twitter:label1\" content=\"Szacowany czas czytania\" \/>\n\t<meta name=\"twitter:data1\" content=\"6 minut\" \/>\n<script type=\"application\/ld+json\" class=\"yoast-schema-graph\">{\"@context\":\"https:\/\/schema.org\",\"@graph\":[{\"@type\":\"WebPage\",\"@id\":\"https:\/\/wokamid.pl\/?page_id=623\",\"url\":\"https:\/\/wokamid.pl\/?page_id=623\",\"name\":\"- Wokamid Sp. z o. o.\",\"isPartOf\":{\"@id\":\"https:\/\/wokamid.pl\/#website\"},\"primaryImageOfPage\":{\"@id\":\"https:\/\/wokamid.pl\/?page_id=623#primaryimage\"},\"image\":{\"@id\":\"https:\/\/wokamid.pl\/?page_id=623#primaryimage\"},\"thumbnailUrl\":\"https:\/\/wokamid.pl\/wp-content\/uploads\/2024\/10\/pobrane-2.png\",\"datePublished\":\"2024-10-30T12:53:00+00:00\",\"dateModified\":\"2024-10-30T13:33:15+00:00\",\"inLanguage\":\"pl-PL\",\"potentialAction\":[{\"@type\":\"ReadAction\",\"target\":[\"https:\/\/wokamid.pl\/?page_id=623\"]}]},{\"@type\":\"ImageObject\",\"inLanguage\":\"pl-PL\",\"@id\":\"https:\/\/wokamid.pl\/?page_id=623#primaryimage\",\"url\":\"https:\/\/wokamid.pl\/wp-content\/uploads\/2024\/10\/pobrane-2.png\",\"contentUrl\":\"https:\/\/wokamid.pl\/wp-content\/uploads\/2024\/10\/pobrane-2.png\",\"width\":967,\"height\":102},{\"@type\":\"WebSite\",\"@id\":\"https:\/\/wokamid.pl\/#website\",\"url\":\"https:\/\/wokamid.pl\/\",\"name\":\"WOKAMID SP. Z O. O.\",\"description\":\"\",\"publisher\":{\"@id\":\"https:\/\/wokamid.pl\/#organization\"},\"potentialAction\":[{\"@type\":\"SearchAction\",\"target\":{\"@type\":\"EntryPoint\",\"urlTemplate\":\"https:\/\/wokamid.pl\/?s={search_term_string}\"},\"query-input\":{\"@type\":\"PropertyValueSpecification\",\"valueRequired\":true,\"valueName\":\"search_term_string\"}}],\"inLanguage\":\"pl-PL\"},{\"@type\":\"Organization\",\"@id\":\"https:\/\/wokamid.pl\/#organization\",\"name\":\"WOKAMID SP. Z O. O.\",\"url\":\"https:\/\/wokamid.pl\/\",\"logo\":{\"@type\":\"ImageObject\",\"inLanguage\":\"pl-PL\",\"@id\":\"https:\/\/wokamid.pl\/#\/schema\/logo\/image\/\",\"url\":\"https:\/\/wokamid.pl\/wp-content\/uploads\/2024\/09\/logo.png\",\"contentUrl\":\"https:\/\/wokamid.pl\/wp-content\/uploads\/2024\/09\/logo.png\",\"width\":233,\"height\":90,\"caption\":\"WOKAMID SP. Z O. O.\"},\"image\":{\"@id\":\"https:\/\/wokamid.pl\/#\/schema\/logo\/image\/\"}}]}<\/script>\n<!-- \/ Yoast SEO plugin. -->","yoast_head_json":{"title":"- Wokamid Sp. z o. o.","robots":{"index":"index","follow":"follow","max-snippet":"max-snippet:-1","max-image-preview":"max-image-preview:large","max-video-preview":"max-video-preview:-1"},"canonical":"https:\/\/wokamid.pl\/?page_id=623","og_locale":"pl_PL","og_type":"article","og_title":"- Wokamid Sp. z o. o.","og_description":"ZDJ\u0118CIE TABLICY WOKAMID Sp. z o.o. w Przytocznej\u00a0planuje\u00a0kolejn\u0105 inwestycj\u0119 na terenie gminy Przytoczna zwi\u0105zan\u0105 z gospodark\u0105 wodno \u2013 \u015bciekow\u0105. Sp\u00f3\u0142ka WOKAMID na realizacj\u0119 inwestycji pozyska\u0142a dofinansowanie ze \u015brodk\u00f3w unijnych w wysoko\u015bci\u00a01 839 636,45 z\u0142,\u00a0natomiast ca\u0142kowita warto\u015b\u0107 projektu wynosi\u00a02 662 062,16 z\u0142. G\u0142\u00f3wnym celem projektu\u00a0jest poprawa dost\u0119pu do dobrej jako\u015bci infrastrukturywodoci\u0105gowo &#8211; kanalizacyjnej na obszarze Gminy [&hellip;]","og_url":"https:\/\/wokamid.pl\/?page_id=623","og_site_name":"Wokamid Sp. z o. o.","article_modified_time":"2024-10-30T13:33:15+00:00","og_image":[{"url":"https:\/\/wokamid.pl\/wp-content\/uploads\/2024\/10\/pobrane-2.png"}],"twitter_card":"summary_large_image","twitter_misc":{"Szacowany czas czytania":"6 minut"},"schema":{"@context":"https:\/\/schema.org","@graph":[{"@type":"WebPage","@id":"https:\/\/wokamid.pl\/?page_id=623","url":"https:\/\/wokamid.pl\/?page_id=623","name":"- Wokamid Sp. z o. o.","isPartOf":{"@id":"https:\/\/wokamid.pl\/#website"},"primaryImageOfPage":{"@id":"https:\/\/wokamid.pl\/?page_id=623#primaryimage"},"image":{"@id":"https:\/\/wokamid.pl\/?page_id=623#primaryimage"},"thumbnailUrl":"https:\/\/wokamid.pl\/wp-content\/uploads\/2024\/10\/pobrane-2.png","datePublished":"2024-10-30T12:53:00+00:00","dateModified":"2024-10-30T13:33:15+00:00","inLanguage":"pl-PL","potentialAction":[{"@type":"ReadAction","target":["https:\/\/wokamid.pl\/?page_id=623"]}]},{"@type":"ImageObject","inLanguage":"pl-PL","@id":"https:\/\/wokamid.pl\/?page_id=623#primaryimage","url":"https:\/\/wokamid.pl\/wp-content\/uploads\/2024\/10\/pobrane-2.png","contentUrl":"https:\/\/wokamid.pl\/wp-content\/uploads\/2024\/10\/pobrane-2.png","width":967,"height":102},{"@type":"WebSite","@id":"https:\/\/wokamid.pl\/#website","url":"https:\/\/wokamid.pl\/","name":"WOKAMID SP. Z O. O.","description":"","publisher":{"@id":"https:\/\/wokamid.pl\/#organization"},"potentialAction":[{"@type":"SearchAction","target":{"@type":"EntryPoint","urlTemplate":"https:\/\/wokamid.pl\/?s={search_term_string}"},"query-input":{"@type":"PropertyValueSpecification","valueRequired":true,"valueName":"search_term_string"}}],"inLanguage":"pl-PL"},{"@type":"Organization","@id":"https:\/\/wokamid.pl\/#organization","name":"WOKAMID SP. Z O. O.","url":"https:\/\/wokamid.pl\/","logo":{"@type":"ImageObject","inLanguage":"pl-PL","@id":"https:\/\/wokamid.pl\/#\/schema\/logo\/image\/","url":"https:\/\/wokamid.pl\/wp-content\/uploads\/2024\/09\/logo.png","contentUrl":"https:\/\/wokamid.pl\/wp-content\/uploads\/2024\/09\/logo.png","width":233,"height":90,"caption":"WOKAMID SP. Z O. O."},"image":{"@id":"https:\/\/wokamid.pl\/#\/schema\/logo\/image\/"}}]}},"_links":{"self":[{"href":"https:\/\/wokamid.pl\/index.php?rest_route=\/wp\/v2\/pages\/623","targetHints":{"allow":["GET"]}}],"collection":[{"href":"https:\/\/wokamid.pl\/index.php?rest_route=\/wp\/v2\/pages"}],"about":[{"href":"https:\/\/wokamid.pl\/index.php?rest_route=\/wp\/v2\/types\/page"}],"author":[{"embeddable":true,"href":"https:\/\/wokamid.pl\/index.php?rest_route=\/wp\/v2\/users\/1"}],"replies":[{"embeddable":true,"href":"https:\/\/wokamid.pl\/index.php?rest_route=%2Fwp%2Fv2%2Fcomments&post=623"}],"version-history":[{"count":9,"href":"https:\/\/wokamid.pl\/index.php?rest_route=\/wp\/v2\/pages\/623\/revisions"}],"predecessor-version":[{"id":660,"href":"https:\/\/wokamid.pl\/index.php?rest_route=\/wp\/v2\/pages\/623\/revisions\/660"}],"wp:attachment":[{"href":"https:\/\/wokamid.pl\/index.php?rest_route=%2Fwp%2Fv2%2Fmedia&parent=623"}],"curies":[{"name":"wp","href":"https:\/\/api.w.org\/{rel}","templated":true}]}}