{"id":635,"date":"2024-10-30T14:12:43","date_gmt":"2024-10-30T13:12:43","guid":{"rendered":"https:\/\/wokamid.pl\/?page_id=635"},"modified":"2024-10-30T14:21:59","modified_gmt":"2024-10-30T13:21:59","slug":"elementor-635","status":"publish","type":"page","link":"https:\/\/wokamid.pl\/?page_id=635","title":{"rendered":""},"content":{"rendered":"\t\t<div data-elementor-type=\"wp-page\" data-elementor-id=\"635\" class=\"elementor elementor-635\">\n\t\t\t\t<div class=\"elementor-element elementor-element-e9e116f e-flex e-con-boxed e-con e-parent\" data-id=\"e9e116f\" data-element_type=\"container\">\n\t\t\t\t\t<div class=\"e-con-inner\">\n\t\t\t\t<div class=\"elementor-element elementor-element-ab5d540 elementor-widget elementor-widget-image\" data-id=\"ab5d540\" data-element_type=\"widget\" data-widget_type=\"image.default\">\n\t\t\t\t<div class=\"elementor-widget-container\">\n\t\t\t\t\t\t\t\t\t\t\t\t\t<img fetchpriority=\"high\" decoding=\"async\" width=\"967\" height=\"102\" src=\"https:\/\/wokamid.pl\/wp-content\/uploads\/2024\/10\/pobrane-2.png\" class=\"attachment-large size-large wp-image-609\" alt=\"\" srcset=\"https:\/\/wokamid.pl\/wp-content\/uploads\/2024\/10\/pobrane-2.png 967w, https:\/\/wokamid.pl\/wp-content\/uploads\/2024\/10\/pobrane-2-300x32.png 300w, https:\/\/wokamid.pl\/wp-content\/uploads\/2024\/10\/pobrane-2-768x81.png 768w\" sizes=\"(max-width: 967px) 100vw, 967px\" \/>\t\t\t\t\t\t\t\t\t\t\t\t\t<\/div>\n\t\t\t\t<\/div>\n\t\t\t\t<div class=\"elementor-element elementor-element-31cade7 elementor-align-center elementor-widget elementor-widget-button\" data-id=\"31cade7\" data-element_type=\"widget\" data-widget_type=\"button.default\">\n\t\t\t\t<div class=\"elementor-widget-container\">\n\t\t\t\t\t<div class=\"elementor-button-wrapper\">\n\t\t\t<a class=\"elementor-button elementor-button-link elementor-size-sm\" href=\"https:\/\/wokamid.pl\/wp-content\/uploads\/2024\/10\/image000000001002-d14907156a.jpg\">\n\t\t\t\t\t\t<span class=\"elementor-button-content-wrapper\">\n\t\t\t\t\t\t\t\t\t<span class=\"elementor-button-text\">ZDJ\u0118CIE TABLICY<\/span>\n\t\t\t\t\t<\/span>\n\t\t\t\t\t<\/a>\n\t\t<\/div>\n\t\t\t\t<\/div>\n\t\t\t\t<\/div>\n\t\t\t\t<div class=\"elementor-element elementor-element-f92e8c0 elementor-align-center elementor-widget elementor-widget-button\" data-id=\"f92e8c0\" data-element_type=\"widget\" data-widget_type=\"button.default\">\n\t\t\t\t<div class=\"elementor-widget-container\">\n\t\t\t\t\t<div class=\"elementor-button-wrapper\">\n\t\t\t<a class=\"elementor-button elementor-button-link elementor-size-sm\" href=\"https:\/\/wokamid.pl\/wp-content\/uploads\/2024\/10\/desktop-1-3fa813b5e8.png\">\n\t\t\t\t\t\t<span class=\"elementor-button-content-wrapper\">\n\t\t\t\t\t\t\t\t\t<span class=\"elementor-button-text\">Por\u00f3wnanie przepompownia 1<\/span>\n\t\t\t\t\t<\/span>\n\t\t\t\t\t<\/a>\n\t\t<\/div>\n\t\t\t\t<\/div>\n\t\t\t\t<\/div>\n\t\t\t\t<div class=\"elementor-element elementor-element-9730e24 elementor-align-center elementor-widget elementor-widget-button\" data-id=\"9730e24\" data-element_type=\"widget\" data-widget_type=\"button.default\">\n\t\t\t\t<div class=\"elementor-widget-container\">\n\t\t\t\t\t<div class=\"elementor-button-wrapper\">\n\t\t\t<a class=\"elementor-button elementor-button-link elementor-size-sm\" href=\"https:\/\/wokamid.pl\/wp-content\/uploads\/2024\/10\/desktop-2-82fb719f4c.png\">\n\t\t\t\t\t\t<span class=\"elementor-button-content-wrapper\">\n\t\t\t\t\t\t\t\t\t<span class=\"elementor-button-text\">Por\u00f3wnanie przepompownia 2<\/span>\n\t\t\t\t\t<\/span>\n\t\t\t\t\t<\/a>\n\t\t<\/div>\n\t\t\t\t<\/div>\n\t\t\t\t<\/div>\n\t\t\t\t<div class=\"elementor-element elementor-element-58b655b elementor-align-center elementor-widget elementor-widget-button\" data-id=\"58b655b\" data-element_type=\"widget\" data-widget_type=\"button.default\">\n\t\t\t\t<div class=\"elementor-widget-container\">\n\t\t\t\t\t<div class=\"elementor-button-wrapper\">\n\t\t\t<a class=\"elementor-button elementor-button-link elementor-size-sm\" href=\"https:\/\/wokamid.pl\/wp-content\/uploads\/2024\/10\/desktop-3-0cb6ae64b0.png\">\n\t\t\t\t\t\t<span class=\"elementor-button-content-wrapper\">\n\t\t\t\t\t\t\t\t\t<span class=\"elementor-button-text\">Por\u00f3wnanie przepompownia 3<\/span>\n\t\t\t\t\t<\/span>\n\t\t\t\t\t<\/a>\n\t\t<\/div>\n\t\t\t\t<\/div>\n\t\t\t\t<\/div>\n\t\t\t\t<div class=\"elementor-element elementor-element-e08ccc2 elementor-align-center elementor-widget elementor-widget-button\" data-id=\"e08ccc2\" data-element_type=\"widget\" data-widget_type=\"button.default\">\n\t\t\t\t<div class=\"elementor-widget-container\">\n\t\t\t\t\t<div class=\"elementor-button-wrapper\">\n\t\t\t<a class=\"elementor-button elementor-button-link elementor-size-sm\" href=\"https:\/\/wokamid.pl\/wp-content\/uploads\/2024\/10\/desktop-4-b97346329e.png\">\n\t\t\t\t\t\t<span class=\"elementor-button-content-wrapper\">\n\t\t\t\t\t\t\t\t\t<span class=\"elementor-button-text\">Budynek biura z panelami fotowoltaicznymi<\/span>\n\t\t\t\t\t<\/span>\n\t\t\t\t\t<\/a>\n\t\t<\/div>\n\t\t\t\t<\/div>\n\t\t\t\t<\/div>\n\t\t\t\t<div class=\"elementor-element elementor-element-e661a00 elementor-widget elementor-widget-text-editor\" data-id=\"e661a00\" data-element_type=\"widget\" data-widget_type=\"text-editor.default\">\n\t\t\t\t<div class=\"elementor-widget-container\">\n\t\t\t\t\t\t\t<h6>W dniu 19.07.2019 r.<strong>\u00a0WOKAMID Sp. z o.o. w Przytocznej<\/strong>\u00a0podpisa\u0142a umow\u0119 na dofinansowanie projektu pn.:\u00a0<strong>\u201d Uporz\u0105dkowanie gospodarki wodno-\u015bciekowej na terenie Gminy Przytoczna.\u201d.<\/strong><\/h6><h6>Jest to znacz\u0105ca inwestycja dla spo\u0142eczno\u015bci Gminy Przytoczna. Projekt polega na modernizacji oczyszczalni \u015bciek\u00f3w w zakresie gospodarki osadowej \u2013 wymianie urz\u0105dze\u0144 do odwadniania osad\u00f3w wraz z urz\u0105dzeniami do transportu osadu na poletka osadowe w celu ich zmagazynowania. Wymianie wentylator\u00f3w na obiekcie, pomp przy sitopiaskowniku, dyfuzor\u00f3w w zbiornikach SBR, modernizacji cz\u0119\u015bci sieci kanalizacyjnej grawitacyjno-t\u0142ocznej przy ul. G\u0142\u00f3wnej, wraz z modernizacj\u0105 przepompowni \u015bciek\u00f3w przy ul. G\u0142\u00f3wnej na dzia\u0142ce 207\/143 \u2013 osadzenie nowego zbiornika wraz z osprz\u0119tem i monitoringiem sieci.<\/h6><h6><strong>G\u0142\u00f3wnym celem projektu<\/strong>\u00a0jest poprawa dost\u0119pu do dobrej jako\u015bci infrastruktury wodoci\u0105gowo-kanalizacyjnej na obszarze Gminy Przytoczna<\/h6><h6>Sp\u00f3\u0142ka na realizacj\u0119 tej inwestycji otrzyma\u0142a dofinansowanie w wysoko\u015bci\u00a0<strong>1 209 559,90 z\u0142,<\/strong>\u00a0natomiast ca\u0142kowita warto\u015b\u0107 inwestycji wynosi\u00a0<strong>1 750 304,33 z\u0142.<\/strong><\/h6><h6>Projekt realizowany jest z Regionalnego Programu Operacyjnego Lubuskie 2020 w ramach Dzia\u0142ania 4.3 Gospodarka wodno-\u015bciekowa. Planowany termin rozpocz\u0119cia rzeczowej realizacji inwestycji rozpocznie si\u0119 2020-06-01 a zako\u0144czy si\u0119 2022-06-30.<\/h6>\t\t\t\t\t\t<\/div>\n\t\t\t\t<\/div>\n\t\t\t\t<div class=\"elementor-element elementor-element-01190c5 elementor-widget elementor-widget-text-editor\" data-id=\"01190c5\" data-element_type=\"widget\" data-widget_type=\"text-editor.default\">\n\t\t\t\t<div class=\"elementor-widget-container\">\n\t\t\t\t\t\t\t<h5><span style=\"text-decoration: underline;\"><strong>Realizacja projektu<\/strong><\/span><\/h5><h6>W I kwartale 2020 r. w ramach przeprowadzonych post\u0119powa\u0144 przetargowych zostali wy\u0142onieni Wykonawcy do zada\u0144:<br \/>\u00a0 \u00a0 \u2022 Aqua Processor Sp. z o.o.\u00a0 \u2013 przebudowa oczyszczalni \u015bciek\u00f3w w Przytocznej;<br \/>\u00a0 \u00a0 \u2022 Niewiadomski Sp. z o.o. \u2013 modernizacja przepompowni \u015bciek\u00f3w przy ulicy Gajowej w Przytocznej;<br \/>\u00a0 \u00a0 \u2022 Dariusz Mimier Zak\u0142ad G\u00f3rniczy Hydrowiert \u2013 budowa studni wodoci\u0105gowej wraz z niezb\u0119dnym oprzyrz\u0105dowaniem w Przytocznej.<\/h6><h6>W ramach realizacji inwestycji wykonano nast\u0119puj\u0105ce prace budowlano-monta\u017cowe:<\/h6><h6>\u00a0 \u00a0 1. Na oczyszczalni \u015bciek\u00f3w w Przytocznej po wielu latach pracy konieczna by\u0142a wymiana urz\u0105dze\u0144 odpowiedzialnych za obr\u00f3bk\u0119 osadu. W ramach inwestycji:<br \/>\u00a0 \u00a0 \u2022 wykonano dokumentacj\u0119 projektow\u0105,<br \/>\u00a0 \u00a0 \u2022 zakupiono urz\u0105dzenie do transportu osadu,<br \/>\u00a0 \u00a0 \u2022 wymieniono instalacj\u0119 uk\u0142adu odwadniania osadu,<br \/>\u00a0 \u00a0 \u2022 wymieniono wentylacj\u0119 mechaniczn\u0105 w budynku technicznym,<br \/>\u00a0 \u00a0 \u2022 wymieniono membrany dyfuzor\u00f3w napowietrzaj\u0105cych,<br \/>\u00a0 \u00a0 \u2022 zakupiono nowe pompy zatapialne \u015bciek\u00f3w surowych w przepompowni \u015bciek\u00f3w.<br \/>Zosta\u0142a tak\u017ce wymieniona instalacja elektryczna oraz wykonane drobne prace budowlane wewn\u0105trz budynku technicznego. Prace zako\u0144czono w IV kw. 2020 r.<\/h6><h6>\u00a0 \u00a0 2. Przepompownia \u015bciek\u00f3w przy ulicy Gajowej to najstarsza instalacja tego typu w Gminie Przytoczna, kt\u00f3ra potrzebowa\u0142a generalnego remontu, aby bezawaryjnie s\u0142u\u017cy\u0107 mieszka\u0144com. W ramach modernizacji wymieniono istniej\u0105cy zbiornik, pompy i ogrodzenie, dodatkowo od przepompowni \u015bciek\u00f3w odprowadzono nowy odcinek sieci t\u0142ocznej i grawitacyjnej o \u0142\u0105cznej d\u0142ugo\u015bci 100 m. Cz\u0119\u015b\u0107 inwestycji obejmowa\u0142a monta\u017c paneli fotowoltaicznych o mocy 10 kW, kt\u00f3re dzi\u0119ki produkcji zielonej energii obni\u017c\u0105 koszty dzia\u0142ania przepompowni. Prace zako\u0144czono w IV kw. 2020 r.<\/h6><h6>\u00a0 \u00a0 3. Uj\u0119cie wody w miejscowo\u015bci Przytoczna zaopatruje w wod\u0119 pitn\u0105 trzy miejscowo\u015bci: Przytoczn\u0105, Goraj i Now\u0105 Niedrzwice. Dynamiczny rozw\u00f3j tych miejscowo\u015bci nak\u0142ada potrzeb\u0119 zwi\u0119kszenia mo\u017cliwo\u015bci produkcyjnych uj\u0119cia, aby m\u00f3c zapewni\u0107 mieszka\u0144com sta\u0142y i niezawodny dost\u0119p do wody. W zwi\u0105zku z tym w ramach inwestycji powstanie dodatkowa studnia wodoci\u0105gowa wraz z infrastruktur\u0105 towarzysz\u0105c\u0105 oraz odcinek sieci wodoci\u0105gowej magistralnej od uj\u0119cia do stacji uzdatniania wody. Zako\u0144czenie prac jest planowane na drug\u0105 po\u0142ow\u0119 2021 r.<\/h6><h6>Ca\u0142kowity koszt inwestycji wynosi 1 423 011,65 z\u0142 netto, z czego 1 209 559,88 z\u0142 zostanie dofinansowane w ramach projektu: \u201eUporz\u0105dkowanie gospodarki wodno-\u015bciekowej na terenie Gminy Przytoczna\u201d z Regionalnego Programu Operacyjnego \u2013 Lubuskie 2020, O\u015b Priorytetowa 4 \u015arodowisko i kultura, Dzia\u0142anie 4.3 Gospodarka wodno-\u015bciekowa.<\/h6>\t\t\t\t\t\t<\/div>\n\t\t\t\t<\/div>\n\t\t\t\t<div class=\"elementor-element elementor-element-94f223b elementor-widget elementor-widget-image\" data-id=\"94f223b\" data-element_type=\"widget\" data-widget_type=\"image.default\">\n\t\t\t\t<div class=\"elementor-widget-container\">\n\t\t\t\t\t\t\t\t\t\t\t\t\t<img decoding=\"async\" width=\"258\" height=\"300\" src=\"https:\/\/wokamid.pl\/wp-content\/uploads\/2024\/09\/a4-1-6-1610091910-1-258x300.png\" class=\"attachment-medium size-medium wp-image-534\" alt=\"\" srcset=\"https:\/\/wokamid.pl\/wp-content\/uploads\/2024\/09\/a4-1-6-1610091910-1-258x300.png 258w, https:\/\/wokamid.pl\/wp-content\/uploads\/2024\/09\/a4-1-6-1610091910-1-880x1024.png 880w, https:\/\/wokamid.pl\/wp-content\/uploads\/2024\/09\/a4-1-6-1610091910-1-768x894.png 768w, https:\/\/wokamid.pl\/wp-content\/uploads\/2024\/09\/a4-1-6-1610091910-1.png 1031w\" sizes=\"(max-width: 258px) 100vw, 258px\" \/>\t\t\t\t\t\t\t\t\t\t\t\t\t<\/div>\n\t\t\t\t<\/div>\n\t\t\t\t<div class=\"elementor-element elementor-element-ceda74a elementor-widget elementor-widget-text-editor\" data-id=\"ceda74a\" data-element_type=\"widget\" data-widget_type=\"text-editor.default\">\n\t\t\t\t<div class=\"elementor-widget-container\">\n\t\t\t\t\t\t\t<h5><span style=\"text-decoration: underline;\"><strong>Przetarg<\/strong><\/span><\/h5><h6>W I kwartale 2020 roku w ramach post\u0119powania przetargowego zostanie wy\u0142oniony wykonawca na realizacj\u0119 zada\u0144 budowlano-monta\u017cowych dla realizowanej inwestycji. Pierwsze prac\u0119 budowlano \u2013 monta\u017cowe b\u0119d\u0105 dotyczy\u0107 modernizacji oczyszczalni \u015bciek\u00f3w w zakresie gospodarki osadowej.<\/h6><h6>Zakres prac obejmowa\u0107 b\u0119dzie:<\/h6><ul><li><h6>wymian\u0119 oraz monta\u017c nowych urz\u0105dze\u0144 oraz instalacji uk\u0142adu odwadniania osadu,<\/h6><\/li><li><h6>wymian\u0119 urz\u0105dze\u0144 do transportu osadu,<\/h6><\/li><li><h6>wymian\u0119 wentylacji mechanicznej w budynku technicznym,<\/h6><\/li><li><h6>wymian\u0119 membran dyfuzor\u00f3w napowietrzaj\u0105cych,<\/h6><\/li><li><h6>wymian\u0119 pomp zatapialnych \u015bciek\u00f3w surowych w przepompowni \u015bciek\u00f3w,<\/h6><\/li><li><h6>wykonanie prac zwi\u0105zanych z wymian\u0105 istniej\u0105cych oraz monta\u017cem nowych urz\u0105dze\u0144 w zakresie instalacji elektrycznych oraz drobnych prac budowlanych polegaj\u0105cych na naprawie powierzchni wewn\u0119trznych obiekt\u00f3w modernizowanych.<\/h6><\/li><\/ul><h6>W dalszych etapach realizacji inwestycji Sp\u00f3\u0142ka WOKAMID przewiduje:<\/h6><ul><li><h6>modernizacj\u0119 cz\u0119\u015bci sieci kanalizacyjnej grawitacyjno-t\u0142ocznej przy ul. G\u0142\u00f3wnej, wraz zmodernizacj\u0105 przepompowni \u015bciek\u00f3w przy ul. G\u0142\u00f3wnej na dzia\u0142ce 207\/143 \u2013 osadzenie nowego zbiornika wraz z osprz\u0119tem i monitoringiem sieci,<\/h6><\/li><li><h6>budow\u0119 uj\u0119cia wody w Przytocznej przy stacji uzdatniania wody w Przytocznej,<\/h6><\/li><li><h6>wdro\u017cony zostanie inteligentny system monitoringu wraz z dost\u0119pem z aplikacji mobilnych,<\/h6><\/li><li><h6>planuje si\u0119 te\u017c wykorzystanie OZE (fotowoltaika) na modernizowanych obiektach.<\/h6><\/li><\/ul>\t\t\t\t\t\t<\/div>\n\t\t\t\t<\/div>\n\t\t\t\t\t<\/div>\n\t\t\t\t<\/div>\n\t\t\t\t<\/div>\n\t\t","protected":false},"excerpt":{"rendered":"<p>ZDJ\u0118CIE TABLICY Por\u00f3wnanie przepompownia 1 Por\u00f3wnanie przepompownia 2 Por\u00f3wnanie przepompownia 3 Budynek biura z panelami fotowoltaicznymi W dniu 19.07.2019 r.\u00a0WOKAMID Sp. z o.o. w Przytocznej\u00a0podpisa\u0142a umow\u0119 na dofinansowanie projektu pn.:\u00a0\u201d Uporz\u0105dkowanie gospodarki wodno-\u015bciekowej na terenie Gminy Przytoczna.\u201d. Jest to znacz\u0105ca inwestycja dla spo\u0142eczno\u015bci Gminy Przytoczna. Projekt polega na modernizacji oczyszczalni \u015bciek\u00f3w w zakresie gospodarki osadowej [&hellip;]<\/p>\n","protected":false},"author":1,"featured_media":0,"parent":0,"menu_order":0,"comment_status":"closed","ping_status":"closed","template":"","meta":{"footnotes":""},"class_list":["post-635","page","type-page","status-publish","hentry"],"yoast_head":"<!-- This site is optimized with the Yoast SEO plugin v23.7 - https:\/\/yoast.com\/wordpress\/plugins\/seo\/ -->\n<title>- Wokamid Sp. z o. o.<\/title>\n<meta name=\"robots\" content=\"index, follow, max-snippet:-1, max-image-preview:large, max-video-preview:-1\" \/>\n<link rel=\"canonical\" href=\"https:\/\/wokamid.pl\/?page_id=635\" \/>\n<meta property=\"og:locale\" content=\"pl_PL\" \/>\n<meta property=\"og:type\" content=\"article\" \/>\n<meta property=\"og:title\" content=\"- Wokamid Sp. z o. o.\" \/>\n<meta property=\"og:description\" content=\"ZDJ\u0118CIE TABLICY Por\u00f3wnanie przepompownia 1 Por\u00f3wnanie przepompownia 2 Por\u00f3wnanie przepompownia 3 Budynek biura z panelami fotowoltaicznymi W dniu 19.07.2019 r.\u00a0WOKAMID Sp. z o.o. w Przytocznej\u00a0podpisa\u0142a umow\u0119 na dofinansowanie projektu pn.:\u00a0\u201d Uporz\u0105dkowanie gospodarki wodno-\u015bciekowej na terenie Gminy Przytoczna.\u201d. Jest to znacz\u0105ca inwestycja dla spo\u0142eczno\u015bci Gminy Przytoczna. Projekt polega na modernizacji oczyszczalni \u015bciek\u00f3w w zakresie gospodarki osadowej [&hellip;]\" \/>\n<meta property=\"og:url\" content=\"https:\/\/wokamid.pl\/?page_id=635\" \/>\n<meta property=\"og:site_name\" content=\"Wokamid Sp. z o. o.\" \/>\n<meta property=\"article:modified_time\" content=\"2024-10-30T13:21:59+00:00\" \/>\n<meta property=\"og:image\" content=\"https:\/\/wokamid.pl\/wp-content\/uploads\/2024\/10\/pobrane-2.png\" \/>\n<meta name=\"twitter:card\" content=\"summary_large_image\" \/>\n<meta name=\"twitter:label1\" content=\"Szacowany czas czytania\" \/>\n\t<meta name=\"twitter:data1\" content=\"5 minut\" \/>\n<script type=\"application\/ld+json\" class=\"yoast-schema-graph\">{\"@context\":\"https:\/\/schema.org\",\"@graph\":[{\"@type\":\"WebPage\",\"@id\":\"https:\/\/wokamid.pl\/?page_id=635\",\"url\":\"https:\/\/wokamid.pl\/?page_id=635\",\"name\":\"- Wokamid Sp. z o. o.\",\"isPartOf\":{\"@id\":\"https:\/\/wokamid.pl\/#website\"},\"primaryImageOfPage\":{\"@id\":\"https:\/\/wokamid.pl\/?page_id=635#primaryimage\"},\"image\":{\"@id\":\"https:\/\/wokamid.pl\/?page_id=635#primaryimage\"},\"thumbnailUrl\":\"https:\/\/wokamid.pl\/wp-content\/uploads\/2024\/10\/pobrane-2.png\",\"datePublished\":\"2024-10-30T13:12:43+00:00\",\"dateModified\":\"2024-10-30T13:21:59+00:00\",\"inLanguage\":\"pl-PL\",\"potentialAction\":[{\"@type\":\"ReadAction\",\"target\":[\"https:\/\/wokamid.pl\/?page_id=635\"]}]},{\"@type\":\"ImageObject\",\"inLanguage\":\"pl-PL\",\"@id\":\"https:\/\/wokamid.pl\/?page_id=635#primaryimage\",\"url\":\"https:\/\/wokamid.pl\/wp-content\/uploads\/2024\/10\/pobrane-2.png\",\"contentUrl\":\"https:\/\/wokamid.pl\/wp-content\/uploads\/2024\/10\/pobrane-2.png\",\"width\":967,\"height\":102},{\"@type\":\"WebSite\",\"@id\":\"https:\/\/wokamid.pl\/#website\",\"url\":\"https:\/\/wokamid.pl\/\",\"name\":\"WOKAMID SP. Z O. O.\",\"description\":\"\",\"publisher\":{\"@id\":\"https:\/\/wokamid.pl\/#organization\"},\"potentialAction\":[{\"@type\":\"SearchAction\",\"target\":{\"@type\":\"EntryPoint\",\"urlTemplate\":\"https:\/\/wokamid.pl\/?s={search_term_string}\"},\"query-input\":{\"@type\":\"PropertyValueSpecification\",\"valueRequired\":true,\"valueName\":\"search_term_string\"}}],\"inLanguage\":\"pl-PL\"},{\"@type\":\"Organization\",\"@id\":\"https:\/\/wokamid.pl\/#organization\",\"name\":\"WOKAMID SP. Z O. O.\",\"url\":\"https:\/\/wokamid.pl\/\",\"logo\":{\"@type\":\"ImageObject\",\"inLanguage\":\"pl-PL\",\"@id\":\"https:\/\/wokamid.pl\/#\/schema\/logo\/image\/\",\"url\":\"https:\/\/wokamid.pl\/wp-content\/uploads\/2024\/09\/logo.png\",\"contentUrl\":\"https:\/\/wokamid.pl\/wp-content\/uploads\/2024\/09\/logo.png\",\"width\":233,\"height\":90,\"caption\":\"WOKAMID SP. Z O. O.\"},\"image\":{\"@id\":\"https:\/\/wokamid.pl\/#\/schema\/logo\/image\/\"}}]}<\/script>\n<!-- \/ Yoast SEO plugin. -->","yoast_head_json":{"title":"- Wokamid Sp. z o. o.","robots":{"index":"index","follow":"follow","max-snippet":"max-snippet:-1","max-image-preview":"max-image-preview:large","max-video-preview":"max-video-preview:-1"},"canonical":"https:\/\/wokamid.pl\/?page_id=635","og_locale":"pl_PL","og_type":"article","og_title":"- Wokamid Sp. z o. o.","og_description":"ZDJ\u0118CIE TABLICY Por\u00f3wnanie przepompownia 1 Por\u00f3wnanie przepompownia 2 Por\u00f3wnanie przepompownia 3 Budynek biura z panelami fotowoltaicznymi W dniu 19.07.2019 r.\u00a0WOKAMID Sp. z o.o. w Przytocznej\u00a0podpisa\u0142a umow\u0119 na dofinansowanie projektu pn.:\u00a0\u201d Uporz\u0105dkowanie gospodarki wodno-\u015bciekowej na terenie Gminy Przytoczna.\u201d. Jest to znacz\u0105ca inwestycja dla spo\u0142eczno\u015bci Gminy Przytoczna. Projekt polega na modernizacji oczyszczalni \u015bciek\u00f3w w zakresie gospodarki osadowej [&hellip;]","og_url":"https:\/\/wokamid.pl\/?page_id=635","og_site_name":"Wokamid Sp. z o. o.","article_modified_time":"2024-10-30T13:21:59+00:00","og_image":[{"url":"https:\/\/wokamid.pl\/wp-content\/uploads\/2024\/10\/pobrane-2.png"}],"twitter_card":"summary_large_image","twitter_misc":{"Szacowany czas czytania":"5 minut"},"schema":{"@context":"https:\/\/schema.org","@graph":[{"@type":"WebPage","@id":"https:\/\/wokamid.pl\/?page_id=635","url":"https:\/\/wokamid.pl\/?page_id=635","name":"- Wokamid Sp. z o. o.","isPartOf":{"@id":"https:\/\/wokamid.pl\/#website"},"primaryImageOfPage":{"@id":"https:\/\/wokamid.pl\/?page_id=635#primaryimage"},"image":{"@id":"https:\/\/wokamid.pl\/?page_id=635#primaryimage"},"thumbnailUrl":"https:\/\/wokamid.pl\/wp-content\/uploads\/2024\/10\/pobrane-2.png","datePublished":"2024-10-30T13:12:43+00:00","dateModified":"2024-10-30T13:21:59+00:00","inLanguage":"pl-PL","potentialAction":[{"@type":"ReadAction","target":["https:\/\/wokamid.pl\/?page_id=635"]}]},{"@type":"ImageObject","inLanguage":"pl-PL","@id":"https:\/\/wokamid.pl\/?page_id=635#primaryimage","url":"https:\/\/wokamid.pl\/wp-content\/uploads\/2024\/10\/pobrane-2.png","contentUrl":"https:\/\/wokamid.pl\/wp-content\/uploads\/2024\/10\/pobrane-2.png","width":967,"height":102},{"@type":"WebSite","@id":"https:\/\/wokamid.pl\/#website","url":"https:\/\/wokamid.pl\/","name":"WOKAMID SP. Z O. O.","description":"","publisher":{"@id":"https:\/\/wokamid.pl\/#organization"},"potentialAction":[{"@type":"SearchAction","target":{"@type":"EntryPoint","urlTemplate":"https:\/\/wokamid.pl\/?s={search_term_string}"},"query-input":{"@type":"PropertyValueSpecification","valueRequired":true,"valueName":"search_term_string"}}],"inLanguage":"pl-PL"},{"@type":"Organization","@id":"https:\/\/wokamid.pl\/#organization","name":"WOKAMID SP. Z O. O.","url":"https:\/\/wokamid.pl\/","logo":{"@type":"ImageObject","inLanguage":"pl-PL","@id":"https:\/\/wokamid.pl\/#\/schema\/logo\/image\/","url":"https:\/\/wokamid.pl\/wp-content\/uploads\/2024\/09\/logo.png","contentUrl":"https:\/\/wokamid.pl\/wp-content\/uploads\/2024\/09\/logo.png","width":233,"height":90,"caption":"WOKAMID SP. Z O. O."},"image":{"@id":"https:\/\/wokamid.pl\/#\/schema\/logo\/image\/"}}]}},"_links":{"self":[{"href":"https:\/\/wokamid.pl\/index.php?rest_route=\/wp\/v2\/pages\/635","targetHints":{"allow":["GET"]}}],"collection":[{"href":"https:\/\/wokamid.pl\/index.php?rest_route=\/wp\/v2\/pages"}],"about":[{"href":"https:\/\/wokamid.pl\/index.php?rest_route=\/wp\/v2\/types\/page"}],"author":[{"embeddable":true,"href":"https:\/\/wokamid.pl\/index.php?rest_route=\/wp\/v2\/users\/1"}],"replies":[{"embeddable":true,"href":"https:\/\/wokamid.pl\/index.php?rest_route=%2Fwp%2Fv2%2Fcomments&post=635"}],"version-history":[{"count":9,"href":"https:\/\/wokamid.pl\/index.php?rest_route=\/wp\/v2\/pages\/635\/revisions"}],"predecessor-version":[{"id":649,"href":"https:\/\/wokamid.pl\/index.php?rest_route=\/wp\/v2\/pages\/635\/revisions\/649"}],"wp:attachment":[{"href":"https:\/\/wokamid.pl\/index.php?rest_route=%2Fwp%2Fv2%2Fmedia&parent=635"}],"curies":[{"name":"wp","href":"https:\/\/api.w.org\/{rel}","templated":true}]}}